{"id":1688,"date":"2017-12-27T06:01:24","date_gmt":"2017-12-27T06:01:24","guid":{"rendered":"https:\/\/www.mybiosource.com\/learn\/?page_id=1688"},"modified":"2023-03-02T12:36:26","modified_gmt":"2023-03-02T12:36:26","slug":"reverse-transfection-cell-arrays-high-content-screening-microscopy","status":"publish","type":"page","link":"https:\/\/www.mybiosource.com\/learn\/testing-procedures\/reverse-transfection-cell-arrays-high-content-screening-microscopy\/","title":{"rendered":"Reverse transfection on cell arrays for high content screening microscopy"},"content":{"rendered":"<h3><strong>Introduction <\/strong><\/h3>\n<p>High-throughput parallel transfection techniques are a prerequisite to perform large-scale experiments, such as genome-wide RNAi screens, in mammalian tissue culture cellss In such studies, transfections are typically performed in 96- or 384-well plates using liquid-handling robotics. Reverse transfection of cells on plasmid or siRNA arrays is a powerful alternative method to perform high-throughput transfections for phenotypic data acquisition by light microscopy.<\/p>\n<h3><strong>Materials<\/strong><\/h3>\n<h4><strong>Reagents<\/strong><\/h4>\n<ul>\n<li>siRNA oligonucleotides<\/li>\n<li>Lipofectamine 2000<\/li>\n<li>Sucrose<\/li>\n<li>Gelatin<\/li>\n<li>Fibronectin, human<\/li>\n<li>OptiMEM I + GlutaMAX I<\/li>\n<li>Drying pearls, orange \u2013 heavy metal free<\/li>\n<li>Hoechst dye solution 33342<\/li>\n<li>Silicon grease<\/li>\n<li>CO2-independent media<\/li>\n<li>Mowiol 4-88<\/li>\n<li>Sodium azide<\/li>\n<li>Paraformaldehyde (PFA)<\/li>\n<li>BSA<\/li>\n<li>Triton solution<\/li>\n<li>Cell lines:<\/li>\n<li>Osteosarcoma,<\/li>\n<li>Retinal pigment epithelial cells, hTERT-RPE1<\/li>\n<li>Lung <span id=\"urn:enhancement-40797ad0-bb17-4fbd-85c9-14095cb57346\" class=\"textannotation disambiguated wl-thing\" itemid=\"https:\/\/data.wordlift.io\/wl1503301\/entity\/carcinoma\">carcinoma<\/span> cell line, A549<\/li>\n<li>Human umbilical vein <span id=\"urn:enhancement-0f79786b-0def-43ae-87b8-8d8911bacd03\" class=\"textannotation disambiguated wl-thing\" itemid=\"https:\/\/data.wordlift.io\/wl1503301\/entity\/endothelial\">endothelial<\/span> cells, HUVEC<\/li>\n<li><span id=\"urn:enhancement-2ede0a9f-5945-4c79-9d89-c390ee76a61c\" class=\"textannotation disambiguated wl-thing\" itemid=\"https:\/\/data.wordlift.io\/wl1503301\/entity\/cervix\">Cervix<\/span> <span id=\"urn:enhancement-7eff33c3-dd99-4027-87d7-1f80fa471bd6\" class=\"textannotation disambiguated wl-thing\" itemid=\"https:\/\/data.wordlift.io\/wl1503301\/entity\/carcinoma\">carcinoma<\/span> cells, HeLa<\/li>\n<li>Primary human skin fibroblasts<\/li>\n<\/ul>\n<h3>Equipment<\/h3>\n<ul>\n<li>384-well low volume plates<\/li>\n<li>96-well standard plates<\/li>\n<li>Sterile filter (0.45 \u03bcm)<\/li>\n<li>Reservoir<\/li>\n<li>Automated liquid handling robot, \u2018MICROLAB STAR\u2019; equipped with:96-channel head and coolable carrier blocks for multiwell plates<\/li>\n<li>Standard volume tips without filter _ 300 \u03bcl<\/li>\n<li>Low volume tips without filter \u2013 10 \u03bcl<\/li>\n<li>Heraeus multifuge 3S<\/li>\n<li>Contact printers, ChipWriter \u2018Compact\u2019 and \u2018Pro\u2019<\/li>\n<li>Temperature controlled plate<\/li>\n<li>Solid pins<\/li>\n<li>LabTek chambered coverglass<\/li>\n<li>Gel drying box for storage of printed LabTeks<\/li>\n<li>Scanning microscope<\/li>\n<li>10\u00d7 objective<\/li>\n<\/ul>\n<h3><strong>Reagent setup<\/strong><\/h3>\n<h4><strong>Growth medium <\/strong><\/h4>\n<p>DMEM supplemented with 10% (v\/v) heat-inactivated fetal calf <span id=\"urn:enhancement-f74e5dd0-dbf7-49c9-a857-807963f9d2f0\" class=\"textannotation disambiguated wl-thing\" itemid=\"https:\/\/data.wordlift.io\/wl1503301\/entity\/serum\">serum<\/span>, 2 mM glutamine, 100 U ml-1 <span id=\"urn:enhancement-ff9815cb-1893-4821-a868-76c1a099d329\" class=\"textannotation disambiguated wl-thing\" itemid=\"https:\/\/data.wordlift.io\/wl1503301\/entity\/penicillin\">penicillin<\/span> and 100 \u03bcg ml-1 <span id=\"urn:enhancement-ca01f655-eb73-40bf-8d9c-bfe5bf667812\" class=\"textannotation disambiguated wl-thing\" itemid=\"https:\/\/data.wordlift.io\/wl1503301\/entity\/streptomycin\">streptomycin<\/span> 96-well transfection stock solution for liquid handler 18 \u03bcl OptiMEM containing 0.4 M sucrose + 21 \u03bcl Lipofectamine 2000 per well 96-well <span id=\"urn:enhancement-0a93c48b-0868-42ff-a833-7f482bdf40b8\" class=\"textannotation disambiguated wl-thing\" itemid=\"https:\/\/data.wordlift.io\/wl1503301\/entity\/gelatine\">gelatin<\/span>\/fibronectin stock solution for liquid handler 0.2 % (w\/v) <span id=\"urn:enhancement-eb360064-678a-45df-a301-2f5148b9eea7\" class=\"textannotation disambiguated wl-thing\" itemid=\"https:\/\/data.wordlift.io\/wl1503301\/entity\/gelatine\">gelatin<\/span> solution containing 1 \u00d7 10-2 % (v\/v) fibronectin<\/p>\n<h4><strong>Procedure<\/strong><\/h4>\n<p>Preparation of spotting solution<\/p>\n<p>1 | Prepare the spotting solution either manually (option A) or using a pipetting robot (option B).<\/p>\n<p>(A) Manual preparation of the spotting solution:<\/p>\n<p>(i) Prepare a siRNA stock solution by dissolving lyophilized siRNAs with milliQ water to a final concentration of 30 \u03bcM.<\/p>\n<p>(ii) Transfer 3 \u03bcl of OptiMEM, containing 0.4 M sucrose, to each well of a 384-well low volume plate.<\/p>\n<p>Prepare the OptiMEM (containing 0.4 M sucrose) freshly.<\/p>\n<p>(iii) Add 3.5 \u03bcl Lipofectamine 2000 to each well of the 384-well low volume plate and mix thoroughly.<\/p>\n<p>The same batch of the transfection reagent should be used for the whole experiment. We observed a high batch-to-batch variation in performance of the Lipofectamine 2000 transfection reagent. Therefore, we recommend testing different batch numbers of the transfection reagent and then using only one batch for a whole genome-wide project using reverse transfection of siRNAs.<\/p>\n<p>(iv) Add 5 \u03bcl of the respective siRNA stock solution to each well of the 384-well low volume plate and mix thoroughly.<\/p>\n<p>(v) Incubate for 20 min at room temperature (20\u201323 \u00b0C).<\/p>\n<p>(vi) Add 7.25 \u03bcl of a 0.2 % (w\/v) <span id=\"urn:enhancement-403fdac0-a5d9-415d-a599-562abdf8a2ad\" class=\"textannotation disambiguated wl-thing\" itemid=\"https:\/\/data.wordlift.io\/wl1503301\/entity\/gelatine\">gelatin<\/span> solution containing 1 \u00d7 10-2 % (v\/v) fibronectin to each well of the 384-well low volume plate and mix thoroughly.<\/p>\n<p>Prepare the <span id=\"urn:enhancement-943905d9-91c3-4322-95fc-7f0fb9919356\" class=\"textannotation disambiguated wl-thing\" itemid=\"https:\/\/data.wordlift.io\/wl1503301\/entity\/gelatine\">gelatin<\/span> solution freshly. Dissolve the <span id=\"urn:enhancement-b5964c29-280c-4af6-90d0-9775ca322f3e\" class=\"textannotation disambiguated wl-thing\" itemid=\"https:\/\/data.wordlift.io\/wl1503301\/entity\/gelatine\">gelatin<\/span> powder at 56 \u00b0C for 20 min in milliQ water. Cool it down to room temperature and filter the solution with a sterile filter (0.45 \u03bcm).<\/p>\n<p>Automatic preparation of the spotting solution for 384 samples on a Hamilton \u2018MICROLAB STAR\u2019 pipetting robot:<\/p>\n<p>(i) Prepare a 96-well transfection stock solution plate manually, and place it in the pipetting robot. Keep it at room temperature. Prepare the OptiMEM (containing 0.4 M sucrose) freshly. The same batch number of the transfection reagent should be used for the whole project. We observed a high batch-to-batch variation in performance of the Lipofectamine 2000 transfection reagent. Therefore, we recommend testing different batch numbers of the transfection reagent and then use of only one batch for a whole genome-wide project using reverse transfection of siRNAs.<\/p>\n<p>(ii) Prepare a 96-well <span id=\"urn:enhancement-10ba89b9-7922-446b-94c3-25ad9b5afa5b\" class=\"textannotation disambiguated wl-thing\" itemid=\"https:\/\/data.wordlift.io\/wl1503301\/entity\/gelatine\">gelatin<\/span>\/fibronectin stock solution plate manually, with 48 \u03bcl <span id=\"urn:enhancement-2811d99a-a00a-4b6e-9e54-0088ff72dd36\" class=\"textannotation disambiguated wl-thing\" itemid=\"https:\/\/data.wordlift.io\/wl1503301\/entity\/gelatine\">gelatin<\/span>\/fibronectin stock solution and place it in the pipetting robot. Keep it at room temperature. Prepare the <span id=\"urn:enhancement-7999f078-89af-4b03-8a5f-183db3106185\" class=\"textannotation disambiguated wl-thing\" itemid=\"https:\/\/data.wordlift.io\/wl1503301\/entity\/gelatine\">gelatin<\/span> solution freshly. Dissolve the <span id=\"urn:enhancement-d6dbef3e-8722-4300-aac6-bb27df870185\" class=\"textannotation disambiguated wl-thing\" itemid=\"https:\/\/data.wordlift.io\/wl1503301\/entity\/gelatine\">gelatin<\/span> powder at 56 \u00b0C for 20 min in milliQ water. Cool it down to room temperature and filter the solution with a sterile filter (0.45 \u03bcm).<\/p>\n<p>(iii) Prepare the siRNA stock solution by dissolving lyophilized siRNAs (4 nmols, delivered by manufacturer in 96-well plates) in four standard 96-well plates with 130 \u03bcl milliQ water taken from reservoir, filled with 400 ml of milliQ water (final concentration: 30 \u03bcM) per well on cooled carrier blocks (14 \u00b0C) using standard 300 \u03bcl volume tips without filters. The liquid handler is thereby adjusted to a mix volume of 100 \u03bcl and eight cycles of mixing using the 96-channel head.<\/p>\n<p>(iv) Transfer 6.5 \u03bcl of the transfection stock solution into each well of a 384-well low volume plate using 10 \u03bcl low volume tips without filters (using the 96-channel head) at room temperature.<\/p>\n<p>(v) Transfer 5 \u03bcl of the siRNA stock solution into the 384-well low volume plate. The liquid handler is thereby adjusted to a mix volume of 7 \u03bcl and eight cycles of mixing (using 96-channel head) at room temperature. This step is crucial because the number of cycles influences the transfection efficiency.<\/p>\n<p>(vi) Incubate for 20 min at room temperature.<\/p>\n<p>(vii) Add 7.25 \u03bcl of the <span id=\"urn:enhancement-c953ce98-a7a9-4513-8cb4-d5e693a7e86c\" class=\"textannotation disambiguated wl-thing\" itemid=\"https:\/\/data.wordlift.io\/wl1503301\/entity\/gelatine\">gelatin<\/span>\/fibronectin stock solution into each well of the 384-well low volume plate. The liquid handler is thereby adjusted to a mix volume of 10 \u03bcl and eight cycles of mixing (using the 96-channel head).<\/p>\n<ol start=\"2\">\n<li>Using the multifuge 3S, centrifuge the 384-well low volume plate for 15 s at 54g at room temperature to straighten the surface of the samples and place immediately in the contact printer.<\/li>\n<\/ol>\n<p>Contact printing<\/p>\n<ol start=\"3\">\n<li>Adjust the number of pins in the contact printer. We routinely use eight solid pins PTS 600. The spot diameter of the solid pins PTS 600 pins is about 400 \u03bcm. Smaller pin sizes create a smaller spot diameter (e.g., for PTS 400 pins the spot size is about 270 \u03bcm) resulting in less cells per spot.<\/li>\n<li>Adjust the temperature of the 384-well plate on an in-house built temperature controlled plate to 12 \u00b0C to avoid evaporation of the sample.<\/li>\n<li>Set the spot-to-spot distance in the contact printer menu with respect to the application in mind. We routinely use either 900 \u03bcm, 1,125 \u03bcm, 1,500 \u03bcm or 2,250 \u03bcm. This correlates to the following number of sample spots per LabTek: 900 \u03bcm distance = 600 samples per LabTek; 1,125 \u03bcm distance = 384 samples per LabTek; 1,500 \u03bcm distance = 216 samples per LabTek; and 2,250 \u03bcm distance = 96 samples per LabTek. For HeLa cells we routinely use 1,125 \u03bcm. Increase the spot-tospot distance if cross-contamination is seen for different cell lines.<\/li>\n<li>Set the dwell time of the pins in the 384-well low volume plate (time pins stay in the spotting solution) in the contact printer menu to 0.5 s.<\/li>\n<li>Set the LabTek dwell time (time pins stay on LabTek chambered coverglass) in the contact printer menu to 0.3 s.<\/li>\n<li>Carry out solid pin washing between individual samples. The <span id=\"urn:enhancement-6724d3bd-a37d-4557-b2fd-d2f9410dbfc2\" class=\"textannotation disambiguated wl-thing\" itemid=\"https:\/\/data.wordlift.io\/wl1503301\/entity\/procedure\">procedure<\/span> is setup in the following way: Pins remain in the washing container for 10 s at room temperature. The washing container is an inbuilt basin filled with milliQ water. The insertion depth of the pins in the basin is adjusted to ~3 mm. Pins remain in the sonication container for 10 s at room temperature. The sonication container is an inbuilt sonication basin filled with milliQ water. The insertion depth of the pins in the basin is adjusted to ~3 mm. Move the pins above the holes of the vacuum drying array of the contact printer and vacuum dry the pins for 10 s at room temperature.<\/li>\n<\/ol>\n<h3><strong>Storage<\/strong><\/h3>\n<ol start=\"9\">\n<li>After printing, immediately place the printed LabTeks in a gel drying box, add 50 g of drying pearls and securely and carefully close the box. LabTek chambers need to be dried for at least 12 h in this way before they can be used for transfection experiments.<\/li>\n<\/ol>\n<h3><strong>Cell seeding on siRNA spotted LabTeks<\/strong><\/h3>\n<ol start=\"10\">\n<li>To aid identification of the siRNA spot-matrix on the microscope, the first siRNA spot of the array is marked with a permanent marker pen on the opposite side of the cell growth area prior to cell plating. The microscope acquires images in defined distances related to the first spot.<\/li>\n<li>Split confluent stock cell cultures of HeLa cells (1:3) 24 h prior to their seeding on the dried siRNA LabTek arrays. The split ratio might vary from cell type to cell type and needs to be determined individually for alternative cell types. This step helps to avoid cell clumping on the LabTeks and further ascertains that an actively growing cell population is plated.<\/li>\n<li>Following trypsinization and cell counting, plate 1.5 ml of 7.5 \u00d7 104 cells ml-1 actively growing HeLa cells in a suspension of growth medium upon each LabTek by carefully dispensing the cell suspension to the centre of the LabTek using a 5 ml pipette. While dispensing, contact should be maintained between the pipette tip and the dispensed cell suspension to ensure spread of the cell suspension upon the LabTek. Bubbles and any contact between the pipette tip and the glass of the LabTek itself should be avoided as this could disrupt the array. For other cell lines we also plate 1.5 ml of cell suspension with the following number of actively growing cells per ml: A549, 8 \u00d7 104; U2OS, 10 \u00d7 104; hTERT\u2013 RPE1, 10 \u00d7 104; primary human skin fibroblasts, 5 \u00d7 104; HUVEC, 8 \u00d7 104.<\/li>\n<li>Once the cell suspension has been dispensed, gently tilt the LabTek to each of the four corners to ensure thorough coverage of cells across the chamber surface.<\/li>\n<li>Incubate cells plated on LabTeks in 1.5 ml growth medium at 37 \u00b0C with 5% CO2.For time-lapse microscopy we typically incubate them for 20 h. For time-lapse microscopy replace the medium 20 h after cell seeding with 5 ml CO2-independent growth medium just prior to imaging and seal the LabTeks at the lid with silicon grease to avoid drying.<\/li>\n<\/ol>\n<h3><strong>Immunostaining of cell arrays<\/strong><\/h3>\n<ol start=\"15\">\n<li>Depending on the primary antibody used for immunostaining, and the cellular structures to be labeled, fix cells with 4% (w\/v) PFA in PBS11 for 10 min at room temperature or in 100% methanol for 2 min at \u201320 \u00b0C. When fixation with methanol is used, cells already become permeabilized such that antibodies can cross the <span id=\"urn:enhancement-8befe494-96e5-4256-9773-d50f77c09dec\" class=\"textannotation disambiguated wl-thing\" itemid=\"https:\/\/data.wordlift.io\/wl1503301\/entity\/plasma\">plasma<\/span> membrane and gain access to <span id=\"urn:enhancement-04f56ac3-50dd-4aa3-befd-59f028439008\" class=\"textannotation disambiguated wl-thing\" itemid=\"https:\/\/data.wordlift.io\/wl1503301\/entity\/intracellular\">intracellular<\/span> <span id=\"urn:enhancement-cf73d8b5-98b2-4533-a368-b5514ea84f23\" class=\"textannotation disambiguated wl-creative-work\" itemid=\"https:\/\/data.wordlift.io\/wl1503301\/entity\/antigen\">antigen<\/span>. In this case Step 16 can be omitted. This kind of fixation is very good for staining the cytoskleleton, the Golgi complex and the endoplasmic reticulum. In the case of PFA fixation, the <span id=\"urn:enhancement-e98c9f1c-2678-45e0-9f6f-f9b69f8a7b27\" class=\"textannotation disambiguated wl-thing\" itemid=\"https:\/\/data.wordlift.io\/wl1503301\/entity\/plasma\">plasma<\/span> membrane stays intact and only antigene domains accessible from the outer side of the <span id=\"urn:enhancement-57c3ea90-29dd-4f80-8a0d-bc51d7cf964d\" class=\"textannotation disambiguated wl-thing\" itemid=\"https:\/\/data.wordlift.io\/wl1503301\/entity\/plasma\">plasma<\/span> membrane can be stained. To stain <span id=\"urn:enhancement-55f22f39-ce54-45d9-84c6-8cb9cbb52fda\" class=\"textannotation disambiguated wl-thing\" itemid=\"https:\/\/data.wordlift.io\/wl1503301\/entity\/intracellular\">intracellular<\/span> structures in PFA fixed cells, they need to be permeabilized as described in Step 16. Which antibodies give better results by which fixation method needs to be tested using separate experiments before applying it to the staining of cell arrays.<\/li>\n<li>Wash twice for 2 min at room temperature with 1 ml of 1 \u00d7 PBS\/0.1% (v\/v) Triton solution.<\/li>\n<li>Incubate for 30 min at room temperature with a 3% BSA\/1 \u00d7 PBS (w\/v) solution.<\/li>\n<\/ol>\n<p>&nbsp;<\/p>\n<ol start=\"18\">\n<li>Apply 250_800 \u03bcl of the first antibody solution by carefully and gently distributing it over the spotted area. Incubate for 10 min (time may vary depending on the primary antibody used) at room temperature.<\/li>\n<li>Wash twice for 5 min at room temperature with 1 ml PBS.<\/li>\n<li>Incubate with <span id=\"urn:enhancement-dded5e3b-b462-4755-a514-5885cd1c88b4\" class=\"textannotation disambiguated wl-thing\" itemid=\"https:\/\/data.wordlift.io\/wl1503301\/entity\/secondary-antibody\">secondary antibody<\/span> as recommended by the supplier. Store stained dishes either by embedding in Mowiol or by adding 1 ml PBS containing 0.01% (w\/v) azide. In the latter case, cell stainings are preserved for long-term storage by a further incubation of stained cells for 2 min at room temperature with 4% (w\/v) PFA in PBS (post-staining fixation) followed by two washes with PBS.<\/li>\n<li>Stain cell nuclei with 1.5 ml Hoechst dye solution (1 \u03bcg ml-1 final concentration, in PBS) for 10 min at room temperature, followed by an additional washing step with PBS for 5 min. Because Hoechst staining is a strong and robust way to highlight cell nuclei, we routinely use this staining during image acquisition for automated identification of the focal plane12. It also serves for the identification of all cell nuclei during automated image analysis.<\/li>\n<\/ol>\n<h3><strong>Scanning microscopy<\/strong><\/h3>\n<ol start=\"22\">\n<li>In our laboratory we image cell arrays using a scan^R <span id=\"urn:enhancement-ededc53c-7de6-47f4-81f0-ed6e4205b89c\" class=\"textannotation disambiguated wl-creative-work\" itemid=\"https:\/\/data.wordlift.io\/wl1503301\/entity\/fluorescence\">fluorescence<\/span> microscope equipped. Place four LabTeks in an in-house built holderand secure them tightly with springs.<\/li>\n<li>Choose objective (e.g., a 10\u00d7\/0.4 air objective).<\/li>\n<li>Choose exposure time and filter set according to dye.<\/li>\n<li>Assign the first spot on each of the four LabTeks. For this, observe LabTeks in bright-field illumination, which allows clear identification of each first spot owing to its labeling with indelible ink (see Step 10). Store each of the four positions in the computer using the scan^R software. The microscope acquires images in defined distances related to the first spot (see Step 5).<\/li>\n<li>Assign the spot-to-spot distance with respect to the values used for array production (see section on \u2018Contact printing\u2019).<\/li>\n<li>Start automated data acquisition.<\/li>\n<\/ol>\n<h3><strong>Image processing and data analysis<\/strong><\/h3>\n<ol start=\"28\">\n<li>Analysis of images acquired automatically depends strongly on the assay applied and therefore requires custom developments or adaptation of commercial software. Perform analysis either using the analysis package provided by the scan^R microscope system or using software that has been developed for assay-specific phenotyping of cells6,14. As a general point, we use our scrambled controls \u2013 siRNA not targeting any <span id=\"urn:enhancement-b3c91e16-a8e1-44ac-b8a6-7825dbe6f4a5\" class=\"textannotation disambiguated wl-creative-work\" itemid=\"https:\/\/data.wordlift.io\/wl1503301\/entity\/gene\">gene<\/span> \u2013 to normalize our assay results.<\/li>\n<\/ol>\n<h3><strong>Quality control<\/strong><\/h3>\n<p>29 | In total, we distribute 16 control siRNAs on the LabTek. These comprise negative controls (scrambled siRNA) that have been tested not to interfere with cell growth, mitosis and secretion. Ideally, distribute the negative controls throughout the entire LabTek. In addition, we have also spotted three different positive controls targeting different genes. These siRNAs cause clearly visible phenotypes. As some of these positive control siRNAs are spotted at the edges of the array, identification of their phenotypes by automated image acquisition and analysis determines the correct positioning and alignment of the arrays in use. Only when these phenotypes can be clearly seen on the array, it can be assumed that the array is aligned and siRNA transfection has in principle been successful.<\/p>\n<p><strong>Characterize the positive control siRNAs by the following phenotypes: <\/strong><\/p>\n<p>(i) siRNA targeting INCENP (inner centromere protein): cells exhibit butterfly like nuclei. This shape <span id=\"urn:enhancement-b64ae7ef-f935-4c36-bc45-994a506a5a48\" class=\"textannotation disambiguated wl-thing\" itemid=\"https:\/\/data.wordlift.io\/wl1503301\/entity\/phenotype\">phenotype<\/span> is visible between 20 h and 64 h after cell seeding and then cells start to undergo cell death. This INCENP <span id=\"urn:enhancement-9447e4fd-6996-4b3e-a873-899a57d5e879\" class=\"textannotation disambiguated wl-thing\" itemid=\"https:\/\/data.wordlift.io\/wl1503301\/entity\/phenotype\">phenotype<\/span> is long lasting and is therefore suitable for assays with different time windows. (ii) siRNA targeting KIF11 (kinesin family member 11): cells show a prometaphase arrest starting 17 h after cell seeding. Cells stay between 12 and 20 h in this prometaphase arrest and then undergo cell death. This control is more suitable for assays investigating early time points after cell seeding.<\/p>\n<p>(iii) siRNA targeting COPB (coat protein, subunit beta 1): protein secretion from cells is inhibited and cells start to undergo cell death 40 h after cell seeding. Maximum penetrance of this <span id=\"urn:enhancement-c51baba4-b255-4b91-82e5-4d031eb8eb72\" class=\"textannotation disambiguated wl-thing\" itemid=\"https:\/\/data.wordlift.io\/wl1503301\/entity\/phenotype\">phenotype<\/span> occurs between 60 and 70 h after cell seeding.<\/p>\n<h3><strong>Timing<\/strong><\/h3>\n<p>Steps 1\u20132: Preparation of the spotting solution: 1 h (automatically)<\/p>\n<p>Steps 3\u20138: Contact printing: 6 h (48 LabTeks)<\/p>\n<p>Step 9: Storage: 12 h \u2013 15 months<\/p>\n<p>Steps 10\u201314: Cell seeding: 1 h<\/p>\n<p>Steps 15\u201321: Immunostaining of cell arrays: 2 h<\/p>\n<p>Steps 22\u201327: Scanning microscopy: typically 4 h for fixed time point assays and 48 h for time-lapse experiments<\/p>\n<p>Step 28: Image processing and data analysis: depending on assay and processing speed<\/p>\n<p>Step 29: Quality control: typically 10 min automatically<\/p>\n<p>&nbsp;<\/p>\n<p>&nbsp;<\/p>\n<p>.<\/p>\n<p>&nbsp;<\/p>\n","protected":false},"excerpt":{"rendered":"<p>Introduction High-throughput parallel transfection techniques are a prerequisite to perform large-scale experiments, such as genome-wide RNAi screens, in mammalian tissue culture cellss In such studies, transfections are typically performed in 96- or 384-well plates using liquid-handling robotics. Reverse transfection of cells on plasmid or siRNA arrays is a powerful alternative method to perform high-throughput transfections [&hellip;]<\/p>\n","protected":false},"author":2,"featured_media":0,"parent":401,"menu_order":0,"comment_status":"closed","ping_status":"closed","template":"","meta":{"_et_pb_use_builder":"","_et_pb_old_content":"","_et_gb_content_width":"","footnotes":""},"class_list":["post-1688","page","type-page","status-publish","hentry"],"_links":{"self":[{"href":"https:\/\/www.mybiosource.com\/learn\/wp-json\/wp\/v2\/pages\/1688","targetHints":{"allow":["GET"]}}],"collection":[{"href":"https:\/\/www.mybiosource.com\/learn\/wp-json\/wp\/v2\/pages"}],"about":[{"href":"https:\/\/www.mybiosource.com\/learn\/wp-json\/wp\/v2\/types\/page"}],"author":[{"embeddable":true,"href":"https:\/\/www.mybiosource.com\/learn\/wp-json\/wp\/v2\/users\/2"}],"replies":[{"embeddable":true,"href":"https:\/\/www.mybiosource.com\/learn\/wp-json\/wp\/v2\/comments?post=1688"}],"version-history":[{"count":0,"href":"https:\/\/www.mybiosource.com\/learn\/wp-json\/wp\/v2\/pages\/1688\/revisions"}],"up":[{"embeddable":true,"href":"https:\/\/www.mybiosource.com\/learn\/wp-json\/wp\/v2\/pages\/401"}],"wp:attachment":[{"href":"https:\/\/www.mybiosource.com\/learn\/wp-json\/wp\/v2\/media?parent=1688"}],"curies":[{"name":"wp","href":"https:\/\/api.w.org\/{rel}","templated":true}]}}